{"id":25,"date":"2023-08-20T17:43:22","date_gmt":"2023-08-20T17:43:22","guid":{"rendered":"https:\/\/prueba.aufit.cl\/?post_type=product&#038;p=25"},"modified":"2023-08-20T21:35:19","modified_gmt":"2023-08-20T21:35:19","slug":"master-dog-adulto-sabor-carne","status":"publish","type":"product","link":"https:\/\/prueba.aufit.cl\/index.php\/producto\/master-dog-adulto-sabor-carne\/","title":{"rendered":"Master Dog adulto sabor carne"},"content":{"rendered":"<section class=\"elementor-section elementor-top-section elementor-element elementor-element-4b18528 elementor-section-boxed elementor-section-height-default elementor-section-height-default\" data-id=\"4b18528\" data-element_type=\"section\">\n<div class=\"elementor-container elementor-column-gap-default\">\n<div class=\"elementor-row\">\n<div class=\"elementor-column elementor-col-100 elementor-top-column elementor-element elementor-element-8ea34b3\" data-id=\"8ea34b3\" data-element_type=\"column\">\n<div class=\"elementor-column-wrap elementor-element-populated\">\n<div class=\"elementor-widget-wrap\">\n<div class=\"elementor-element elementor-element-46da9f7 elementor-widget elementor-widget-heading\" data-id=\"46da9f7\" data-element_type=\"widget\" data-widget_type=\"heading.default\">\n<div class=\"elementor-widget-container\">\n<h2 class=\"elementor-heading-title elementor-size-default\" style=\"text-align: left;\">Alimento Para Perro Adulto 18 Kg \/ Carne Arroz Vegetales &#8211; Master Dog<\/h2>\n<\/div>\n<\/div>\n<\/div>\n<\/div>\n<\/div>\n<\/div>\n<\/div>\n<\/section>\n<section class=\"elementor-section elementor-top-section elementor-element elementor-element-77a9820 elementor-section-boxed elementor-section-height-default elementor-section-height-default\" data-id=\"77a9820\" data-element_type=\"section\">\n<div class=\"elementor-container elementor-column-gap-default\">\n<div class=\"elementor-row\">\n<div class=\"elementor-column elementor-col-100 elementor-top-column elementor-element elementor-element-0f7778a\" data-id=\"0f7778a\" data-element_type=\"column\">\n<div class=\"elementor-column-wrap elementor-element-populated\">\n<div class=\"elementor-widget-wrap\">\n<div class=\"elementor-element elementor-element-36f584a elementor-widget elementor-widget-text-editor\" data-id=\"36f584a\" data-element_type=\"widget\" data-widget_type=\"text-editor.default\">\n<div class=\"elementor-widget-container\">\n<div class=\"elementor-text-editor elementor-clearfix\">\n<p><strong>Descripci\u00f3n del alimento:\u00a0<\/strong><\/p>\n<p>Alimento completo y balanceado para perros adultos. Piel sana y pelaje brillante. Prote\u00ednas de alta calidad, vitaminas y minerales. Fecas firmes y con menos olor. Dientes sanos.<\/p>\n<\/div>\n<\/div>\n<\/div>\n<\/div>\n<\/div>\n<\/div>\n<\/div>\n<\/div>\n<\/section>\n<section class=\"elementor-section elementor-top-section elementor-element elementor-element-04f9093 elementor-section-boxed elementor-section-height-default elementor-section-height-default\" data-id=\"04f9093\" data-element_type=\"section\">\n<div class=\"elementor-container elementor-column-gap-default\">\n<div class=\"elementor-row\">\n<div class=\"elementor-column elementor-col-100 elementor-top-column elementor-element elementor-element-6ed4b2b\" data-id=\"6ed4b2b\" data-element_type=\"column\">\n<div class=\"elementor-column-wrap elementor-element-populated\">\n<div class=\"elementor-widget-wrap\">\n<div class=\"elementor-element elementor-element-396c76a elementor-widget elementor-widget-text-editor\" data-id=\"396c76a\" data-element_type=\"widget\" data-widget_type=\"text-editor.default\">\n<div class=\"elementor-widget-container\">\n<div class=\"elementor-text-editor elementor-clearfix\"><strong>Recomendaciones de Almacenamiento:<\/strong>\u00a0Mantener en lugar fresco y seco y aislado de la radiaci\u00f3n solar directa. Almacenar a temperatura ambiente.<\/div>\n<\/div>\n<\/div>\n<\/div>\n<\/div>\n<\/div>\n<\/div>\n<\/div>\n<\/section>\n<section class=\"elementor-section elementor-top-section elementor-element elementor-element-7b5fa5c elementor-section-boxed elementor-section-height-default elementor-section-height-default\" data-id=\"7b5fa5c\" data-element_type=\"section\">\n<div class=\"elementor-container elementor-column-gap-default\">\n<div class=\"elementor-row\">\n<div class=\"elementor-column elementor-col-100 elementor-top-column elementor-element elementor-element-41171a9\" data-id=\"41171a9\" data-element_type=\"column\">\n<div class=\"elementor-column-wrap elementor-element-populated\">\n<div class=\"elementor-widget-wrap\">\n<div class=\"elementor-element elementor-element-c79bf5b elementor-icon-list--layout-traditional elementor-list-item-link-full_width elementor-widget elementor-widget-icon-list\" data-id=\"c79bf5b\" data-element_type=\"widget\" data-widget_type=\"icon-list.default\">\n<div class=\"elementor-widget-container\">\n<ul class=\"elementor-icon-list-items\">\n<li class=\"elementor-icon-list-item\"><span class=\"elementor-icon-list-text\">Informaci\u00f3n Nutricional:<\/span><\/li>\n<li class=\"elementor-icon-list-item\"><i class=\"fas fa-check\" aria-hidden=\"true\"><\/i><span class=\"elementor-icon-list-text\">Prote\u00edna &#8211; 21%<\/span><\/li>\n<li class=\"elementor-icon-list-item\"><i class=\"fas fa-check\" aria-hidden=\"true\"><\/i><span class=\"elementor-icon-list-text\">Materia Grasa &#8211; 8%<\/span><\/li>\n<li class=\"elementor-icon-list-item\"><i class=\"fas fa-check\" aria-hidden=\"true\"><\/i><span class=\"elementor-icon-list-text\">Fibra &#8211; 4%<\/span><\/li>\n<li class=\"elementor-icon-list-item\"><i class=\"fas fa-check\" aria-hidden=\"true\"><\/i><span class=\"elementor-icon-list-text\">Omega 3 &#8211; 0,13%<\/span><\/li>\n<\/ul>\n<\/div>\n<\/div>\n<\/div>\n<\/div>\n<\/div>\n<\/div>\n<\/div>\n<\/section>\n","protected":false},"excerpt":{"rendered":"<p>Alimento Para Perro Adulto 18 Kg \/ Carne Arroz Vegetales &#8211; Master DogDescripci\u00f3n del alimento: Alimento completo y balanceado para perros adultos. Piel sana y pelaje brillante. Prote\u00ednas de alta calidad, vitaminas y minerales. Fecas firmes y con menos olor. Dientes sanos.Recomendaciones de Almacenamiento: Mantener en lugar fresco y seco y aislado de la radiaci\u00f3n solar directa. Almacenar a temperatura ambiente.Informaci\u00f3n Nutricional:Prote\u00edna &#8211; 21%Materia Grasa &#8211; 8%Fibra &#8211; 4%Omega 3 &#8211; 0,13%<\/p>\n","protected":false},"featured_media":26,"comment_status":"open","ping_status":"closed","template":"","meta":[],"product_cat":[16],"product_tag":[],"class_list":["post-25","product","type-product","status-publish","has-post-thumbnail","hentry","product_cat-perros"],"yoast_head":"<!-- This site is optimized with the Yoast SEO plugin v20.13 - https:\/\/yoast.com\/wordpress\/plugins\/seo\/ -->\n<title>Master Dog adulto sabor carne - Comercial Fierro<\/title>\n<meta name=\"description\" content=\"Alimento Para Perro Adulto 18 Kg \/ Carne Arroz Vegetales - Master DogDescripci\u00f3n del alimento: Alimento completo y balanceado para perros adultos. Piel sana y pelaje brillante. Prote\u00ednas de alta calidad, vitaminas y minerales. Fecas firmes y con menos olor. Dientes sanos.Recomendaciones de Almacenamiento: Mantener en lugar fresco y seco y aislado de la radiaci\u00f3n solar directa. Almacenar a temperatura ambiente.Informaci\u00f3n Nutricional:Prote\u00edna - 21%Materia Grasa - 8%Fibra - 4%Omega 3 - 0,13%\" \/>\n<meta name=\"robots\" content=\"index, follow, max-snippet:-1, max-image-preview:large, max-video-preview:-1\" \/>\n<link rel=\"canonical\" href=\"https:\/\/prueba.aufit.cl\/index.php\/producto\/master-dog-adulto-sabor-carne\/\" \/>\n<meta property=\"og:locale\" content=\"es_ES\" \/>\n<meta property=\"og:type\" content=\"article\" \/>\n<meta property=\"og:title\" content=\"Master Dog adulto sabor carne - Comercial Fierro\" \/>\n<meta property=\"og:description\" content=\"Alimento Para Perro Adulto 18 Kg \/ Carne Arroz Vegetales - Master DogDescripci\u00f3n del alimento: Alimento completo y balanceado para perros adultos. Piel sana y pelaje brillante. Prote\u00ednas de alta calidad, vitaminas y minerales. Fecas firmes y con menos olor. Dientes sanos.Recomendaciones de Almacenamiento: Mantener en lugar fresco y seco y aislado de la radiaci\u00f3n solar directa. Almacenar a temperatura ambiente.Informaci\u00f3n Nutricional:Prote\u00edna - 21%Materia Grasa - 8%Fibra - 4%Omega 3 - 0,13%\" \/>\n<meta property=\"og:url\" content=\"https:\/\/prueba.aufit.cl\/index.php\/producto\/master-dog-adulto-sabor-carne\/\" \/>\n<meta property=\"og:site_name\" content=\"Comercial Fierro\" \/>\n<meta property=\"article:modified_time\" content=\"2023-08-20T21:35:19+00:00\" \/>\n<meta property=\"og:image\" content=\"https:\/\/prueba.aufit.cl\/wp-content\/uploads\/2023\/08\/masterdog.jpeg\" \/>\n\t<meta property=\"og:image:width\" content=\"800\" \/>\n\t<meta property=\"og:image:height\" content=\"800\" \/>\n\t<meta property=\"og:image:type\" content=\"image\/jpeg\" \/>\n<meta name=\"twitter:card\" content=\"summary_large_image\" \/>\n<meta name=\"twitter:label1\" content=\"Tiempo de lectura\" \/>\n\t<meta name=\"twitter:data1\" content=\"1 minuto\" \/>\n<script type=\"application\/ld+json\" class=\"yoast-schema-graph\">{\"@context\":\"https:\/\/schema.org\",\"@graph\":[{\"@type\":\"WebPage\",\"@id\":\"https:\/\/prueba.aufit.cl\/index.php\/producto\/master-dog-adulto-sabor-carne\/\",\"url\":\"https:\/\/prueba.aufit.cl\/index.php\/producto\/master-dog-adulto-sabor-carne\/\",\"name\":\"Master Dog adulto sabor carne - Comercial Fierro\",\"isPartOf\":{\"@id\":\"https:\/\/prueba.aufit.cl\/#website\"},\"datePublished\":\"2023-08-20T17:43:22+00:00\",\"dateModified\":\"2023-08-20T21:35:19+00:00\",\"description\":\"Alimento Para Perro Adulto 18 Kg \/ Carne Arroz Vegetales - Master DogDescripci\u00f3n del alimento: Alimento completo y balanceado para perros adultos. Piel sana y pelaje brillante. Prote\u00ednas de alta calidad, vitaminas y minerales. Fecas firmes y con menos olor. Dientes sanos.Recomendaciones de Almacenamiento: Mantener en lugar fresco y seco y aislado de la radiaci\u00f3n solar directa. Almacenar a temperatura ambiente.Informaci\u00f3n Nutricional:Prote\u00edna - 21%Materia Grasa - 8%Fibra - 4%Omega 3 - 0,13%\",\"breadcrumb\":{\"@id\":\"https:\/\/prueba.aufit.cl\/index.php\/producto\/master-dog-adulto-sabor-carne\/#breadcrumb\"},\"inLanguage\":\"es\",\"potentialAction\":[{\"@type\":\"ReadAction\",\"target\":[\"https:\/\/prueba.aufit.cl\/index.php\/producto\/master-dog-adulto-sabor-carne\/\"]}]},{\"@type\":\"BreadcrumbList\",\"@id\":\"https:\/\/prueba.aufit.cl\/index.php\/producto\/master-dog-adulto-sabor-carne\/#breadcrumb\",\"itemListElement\":[{\"@type\":\"ListItem\",\"position\":1,\"name\":\"Portada\",\"item\":\"https:\/\/prueba.aufit.cl\/\"},{\"@type\":\"ListItem\",\"position\":2,\"name\":\"Tienda\",\"item\":\"https:\/\/prueba.aufit.cl\/\"},{\"@type\":\"ListItem\",\"position\":3,\"name\":\"Master Dog adulto sabor carne\"}]},{\"@type\":\"WebSite\",\"@id\":\"https:\/\/prueba.aufit.cl\/#website\",\"url\":\"https:\/\/prueba.aufit.cl\/\",\"name\":\"Comercial Fierro\",\"description\":\"Alimentos para Animales y Proviciones\",\"publisher\":{\"@id\":\"https:\/\/prueba.aufit.cl\/#organization\"},\"potentialAction\":[{\"@type\":\"SearchAction\",\"target\":{\"@type\":\"EntryPoint\",\"urlTemplate\":\"https:\/\/prueba.aufit.cl\/?s={search_term_string}\"},\"query-input\":\"required name=search_term_string\"}],\"inLanguage\":\"es\"},{\"@type\":\"Organization\",\"@id\":\"https:\/\/prueba.aufit.cl\/#organization\",\"name\":\"Comercial Fierro\",\"url\":\"https:\/\/prueba.aufit.cl\/\",\"logo\":{\"@type\":\"ImageObject\",\"inLanguage\":\"es\",\"@id\":\"https:\/\/prueba.aufit.cl\/#\/schema\/logo\/image\/\",\"url\":\"https:\/\/prueba.aufit.cl\/wp-content\/uploads\/2023\/08\/cropped-Screenshot-at-Aug-20-13-27-27.png\",\"contentUrl\":\"https:\/\/prueba.aufit.cl\/wp-content\/uploads\/2023\/08\/cropped-Screenshot-at-Aug-20-13-27-27.png\",\"width\":198,\"height\":196,\"caption\":\"Comercial Fierro\"},\"image\":{\"@id\":\"https:\/\/prueba.aufit.cl\/#\/schema\/logo\/image\/\"}}]}<\/script>\n<!-- \/ Yoast SEO plugin. -->","yoast_head_json":{"title":"Master Dog adulto sabor carne - Comercial Fierro","description":"Alimento Para Perro Adulto 18 Kg \/ Carne Arroz Vegetales - Master DogDescripci\u00f3n del alimento: Alimento completo y balanceado para perros adultos. Piel sana y pelaje brillante. Prote\u00ednas de alta calidad, vitaminas y minerales. Fecas firmes y con menos olor. Dientes sanos.Recomendaciones de Almacenamiento: Mantener en lugar fresco y seco y aislado de la radiaci\u00f3n solar directa. Almacenar a temperatura ambiente.Informaci\u00f3n Nutricional:Prote\u00edna - 21%Materia Grasa - 8%Fibra - 4%Omega 3 - 0,13%","robots":{"index":"index","follow":"follow","max-snippet":"max-snippet:-1","max-image-preview":"max-image-preview:large","max-video-preview":"max-video-preview:-1"},"canonical":"https:\/\/prueba.aufit.cl\/index.php\/producto\/master-dog-adulto-sabor-carne\/","og_locale":"es_ES","og_type":"article","og_title":"Master Dog adulto sabor carne - Comercial Fierro","og_description":"Alimento Para Perro Adulto 18 Kg \/ Carne Arroz Vegetales - Master DogDescripci\u00f3n del alimento: Alimento completo y balanceado para perros adultos. Piel sana y pelaje brillante. Prote\u00ednas de alta calidad, vitaminas y minerales. Fecas firmes y con menos olor. Dientes sanos.Recomendaciones de Almacenamiento: Mantener en lugar fresco y seco y aislado de la radiaci\u00f3n solar directa. Almacenar a temperatura ambiente.Informaci\u00f3n Nutricional:Prote\u00edna - 21%Materia Grasa - 8%Fibra - 4%Omega 3 - 0,13%","og_url":"https:\/\/prueba.aufit.cl\/index.php\/producto\/master-dog-adulto-sabor-carne\/","og_site_name":"Comercial Fierro","article_modified_time":"2023-08-20T21:35:19+00:00","og_image":[{"width":800,"height":800,"url":"https:\/\/prueba.aufit.cl\/wp-content\/uploads\/2023\/08\/masterdog.jpeg","type":"image\/jpeg"}],"twitter_card":"summary_large_image","twitter_misc":{"Tiempo de lectura":"1 minuto"},"schema":{"@context":"https:\/\/schema.org","@graph":[{"@type":"WebPage","@id":"https:\/\/prueba.aufit.cl\/index.php\/producto\/master-dog-adulto-sabor-carne\/","url":"https:\/\/prueba.aufit.cl\/index.php\/producto\/master-dog-adulto-sabor-carne\/","name":"Master Dog adulto sabor carne - Comercial Fierro","isPartOf":{"@id":"https:\/\/prueba.aufit.cl\/#website"},"datePublished":"2023-08-20T17:43:22+00:00","dateModified":"2023-08-20T21:35:19+00:00","description":"Alimento Para Perro Adulto 18 Kg \/ Carne Arroz Vegetales - Master DogDescripci\u00f3n del alimento: Alimento completo y balanceado para perros adultos. Piel sana y pelaje brillante. Prote\u00ednas de alta calidad, vitaminas y minerales. Fecas firmes y con menos olor. Dientes sanos.Recomendaciones de Almacenamiento: Mantener en lugar fresco y seco y aislado de la radiaci\u00f3n solar directa. Almacenar a temperatura ambiente.Informaci\u00f3n Nutricional:Prote\u00edna - 21%Materia Grasa - 8%Fibra - 4%Omega 3 - 0,13%","breadcrumb":{"@id":"https:\/\/prueba.aufit.cl\/index.php\/producto\/master-dog-adulto-sabor-carne\/#breadcrumb"},"inLanguage":"es","potentialAction":[{"@type":"ReadAction","target":["https:\/\/prueba.aufit.cl\/index.php\/producto\/master-dog-adulto-sabor-carne\/"]}]},{"@type":"BreadcrumbList","@id":"https:\/\/prueba.aufit.cl\/index.php\/producto\/master-dog-adulto-sabor-carne\/#breadcrumb","itemListElement":[{"@type":"ListItem","position":1,"name":"Portada","item":"https:\/\/prueba.aufit.cl\/"},{"@type":"ListItem","position":2,"name":"Tienda","item":"https:\/\/prueba.aufit.cl\/"},{"@type":"ListItem","position":3,"name":"Master Dog adulto sabor carne"}]},{"@type":"WebSite","@id":"https:\/\/prueba.aufit.cl\/#website","url":"https:\/\/prueba.aufit.cl\/","name":"Comercial Fierro","description":"Alimentos para Animales y Proviciones","publisher":{"@id":"https:\/\/prueba.aufit.cl\/#organization"},"potentialAction":[{"@type":"SearchAction","target":{"@type":"EntryPoint","urlTemplate":"https:\/\/prueba.aufit.cl\/?s={search_term_string}"},"query-input":"required name=search_term_string"}],"inLanguage":"es"},{"@type":"Organization","@id":"https:\/\/prueba.aufit.cl\/#organization","name":"Comercial Fierro","url":"https:\/\/prueba.aufit.cl\/","logo":{"@type":"ImageObject","inLanguage":"es","@id":"https:\/\/prueba.aufit.cl\/#\/schema\/logo\/image\/","url":"https:\/\/prueba.aufit.cl\/wp-content\/uploads\/2023\/08\/cropped-Screenshot-at-Aug-20-13-27-27.png","contentUrl":"https:\/\/prueba.aufit.cl\/wp-content\/uploads\/2023\/08\/cropped-Screenshot-at-Aug-20-13-27-27.png","width":198,"height":196,"caption":"Comercial Fierro"},"image":{"@id":"https:\/\/prueba.aufit.cl\/#\/schema\/logo\/image\/"}}]}},"_links":{"self":[{"href":"https:\/\/prueba.aufit.cl\/index.php\/wp-json\/wp\/v2\/product\/25","targetHints":{"allow":["GET"]}}],"collection":[{"href":"https:\/\/prueba.aufit.cl\/index.php\/wp-json\/wp\/v2\/product"}],"about":[{"href":"https:\/\/prueba.aufit.cl\/index.php\/wp-json\/wp\/v2\/types\/product"}],"replies":[{"embeddable":true,"href":"https:\/\/prueba.aufit.cl\/index.php\/wp-json\/wp\/v2\/comments?post=25"}],"wp:featuredmedia":[{"embeddable":true,"href":"https:\/\/prueba.aufit.cl\/index.php\/wp-json\/wp\/v2\/media\/26"}],"wp:attachment":[{"href":"https:\/\/prueba.aufit.cl\/index.php\/wp-json\/wp\/v2\/media?parent=25"}],"wp:term":[{"taxonomy":"product_cat","embeddable":true,"href":"https:\/\/prueba.aufit.cl\/index.php\/wp-json\/wp\/v2\/product_cat?post=25"},{"taxonomy":"product_tag","embeddable":true,"href":"https:\/\/prueba.aufit.cl\/index.php\/wp-json\/wp\/v2\/product_tag?post=25"}],"curies":[{"name":"wp","href":"https:\/\/api.w.org\/{rel}","templated":true}]}}